{"id":816,"date":"2016-08-02T14:09:45","date_gmt":"2016-08-02T14:09:45","guid":{"rendered":"http:\/\/prikumru.eu\/?page_id=816"},"modified":"2017-05-16T18:04:25","modified_gmt":"2017-05-16T18:04:25","slug":"test","status":"publish","type":"page","link":"http:\/\/prikumru.eu\/en_US\/test\/","title":{"rendered":"Snacks"},"content":{"rendered":"<p style=\"text-align: center;\">\n<div class=\"erm_menu erm_menu-id-766\"\n     id=\"erm_menu-id-766\"\n>\n    \t<h1 class=\"erm_title\">MALICE TEDENSKI MENU<\/h1>\n\t<div class=\"erm_desc\">&nbsp;\r\n<div>GOSTILNA PRI KUMRU \u2757<\/div>\r\n<div>Delovni \u010das :<\/div>\r\n<div dir=\"auto\">\r\n<div dir=\"auto\">Ponedeljek zaprto<\/div>\r\n<div dir=\"auto\">Torek 8 h \u2013 do 21h<\/div>\r\n<div dir=\"auto\">Sreda 8 h \u2013 do 21h<\/div>\r\n<div dir=\"auto\">\u010cetrtek 8 h \u2013 do 21 h<\/div>\r\n<div dir=\"auto\">Petek 8 h \u2013 do 22h<\/div>\r\n<div dir=\"auto\">Sobota\u00a0 12 h \u2013 do 22h<\/div>\r\n<div dir=\"auto\">Nedelja 14 h \u2013 do 21 h<\/div>\r\n<div dir=\"auto\"><\/div>\r\n<\/div>\r\n<div dir=\"auto\">Vse dobro vam \u017eeli va\u0161a Gostilna\u00a0 Pri Kumru .<img class=\"CToWUd\" src=\"https:\/\/mail.google.com\/mail\/e\/1f44b\" alt=\"?\" data-goomoji=\"1f44b\" data-image-whitelisted=\"\" \/><\/div><\/div>\n\t\n<div class=\"erm_menu_content\">\n\n    <div class=\"erm_section\">\n\n\t\n    <h2 class=\"erm_section_title\"><\/h2>\n    <div class=\"erm_section_desc\"><\/div>\n\n\t\n<\/div>\n<div class=\"erm_section\">\n\n\t\n    <h2 class=\"erm_section_title\">TOREK<\/h2>\n    <div class=\"erm_section_desc\"><\/div>\n\n\t\n<\/div>\n\n<div class=\"erm_product no_image\">\n\n    \n    <div class=\"erm_title_price_desc\">\n\n        <div class=\"erm_title_price\">\n            <h3 class=\"erm_product_title\">BOGRA\u010c<\/h3>\n            <div class=\"erm_product_price\">\n\t\t\t<div class=\"erm_product_list_prices\">\n\t\t\t\t\t\t\t<div class=\"erm_product_list_price\">\n\t\t\t\t\t<span class=\"price_name\">\u20ac<\/span>\n\t\t\t\t\t<span class=\"price_price\">7,50<\/span>\n\t\t\t\t<\/div>\n\t\t\t\t\t<\/div>\n\t\t\n<\/div>\n        <\/div>\n\n        <div class=\"erm_product_desc\">\n    <p><strong>ZREZEK V NARAVNI OMAKI, KROMPIR, SOLATA&nbsp;&nbsp;&nbsp;&nbsp;&nbsp;&nbsp;&nbsp;&nbsp;&nbsp;&nbsp;&nbsp;&nbsp;&nbsp;&nbsp;&nbsp; 7,50&euro;<\/strong><\/p>\n<\/div>\n\n    <\/div>\n\n<\/div>\n\n\n<div class=\"erm_section\">\n\n\t\n    <h2 class=\"erm_section_title\">SREDA<\/h2>\n    <div class=\"erm_section_desc\"><\/div>\n\n\t\n<\/div>\n\n<div class=\"erm_product no_image\">\n\n    \n    <div class=\"erm_title_price_desc\">\n\n        <div class=\"erm_title_price\">\n            <h3 class=\"erm_product_title\">MARINIRAN PI\u0160\u010cANEC BREZ KOSTI IN KO\u017dE NA \u017dARU, PREBRANAC, PRILOGA<\/h3>\n            <div class=\"erm_product_price\">\n\t\t\t<div class=\"erm_product_list_prices\">\n\t\t\t\t\t\t\t<div class=\"erm_product_list_price\">\n\t\t\t\t\t<span class=\"price_name\">\u20ac<\/span>\n\t\t\t\t\t<span class=\"price_price\">7,5O<\/span>\n\t\t\t\t<\/div>\n\t\t\t\t\t<\/div>\n\t\t\n<\/div>\n        <\/div>\n\n        <div class=\"erm_product_desc\">\n    <p>ZREZEK V OMAKI, KROMPIR, SOLATA&nbsp; &nbsp; &nbsp; &nbsp; &nbsp; &nbsp; &nbsp; &nbsp; &nbsp; &nbsp; &nbsp; &nbsp; &nbsp; 7,50 &euro;<\/p>\n<\/div>\n\n    <\/div>\n\n<\/div>\n\n\n<div class=\"erm_section\">\n\n\t\n    <h2 class=\"erm_section_title\">\u010cETRTEK<\/h2>\n    <div class=\"erm_section_desc\"><\/div>\n\n\t\n<\/div>\n\n<div class=\"erm_product no_image\">\n\n    \n    <div class=\"erm_title_price_desc\">\n\n        <div class=\"erm_title_price\">\n            <h3 class=\"erm_product_title\">VAMPI PO TR\u017dA\u0160KO<\/h3>\n            <div class=\"erm_product_price\">\n\t\t\t<div class=\"erm_product_list_prices\">\n\t\t\t\t\t\t\t<div class=\"erm_product_list_price\">\n\t\t\t\t\t<span class=\"price_name\">\u20ac<\/span>\n\t\t\t\t\t<span class=\"price_price\">7,50<\/span>\n\t\t\t\t<\/div>\n\t\t\t\t\t<\/div>\n\t\t\n<\/div>\n        <\/div>\n\n        <div class=\"erm_product_desc\">\n    <\/div>\n\n    <\/div>\n\n<\/div>\n\n\n\n<div class=\"erm_product no_image\">\n\n    \n    <div class=\"erm_title_price_desc\">\n\n        <div class=\"erm_title_price\">\n            <h3 class=\"erm_product_title\">ZREZEK Z GOBAMI, ( SV ALI PURAN ) KROMPIRJEVI KROKETI, SOLATA<\/h3>\n            <div class=\"erm_product_price\">\n\t\t\t<div class=\"erm_product_list_prices\">\n\t\t\t\t\t\t\t<div class=\"erm_product_list_price\">\n\t\t\t\t\t<span class=\"price_name\">\u20ac<\/span>\n\t\t\t\t\t<span class=\"price_price\">7,50<\/span>\n\t\t\t\t<\/div>\n\t\t\t\t\t<\/div>\n\t\t\n<\/div>\n        <\/div>\n\n        <div class=\"erm_product_desc\">\n    <\/div>\n\n    <\/div>\n\n<\/div>\n\n\n<div class=\"erm_section\">\n\n\t\n    <h2 class=\"erm_section_title\">PETEK<\/h2>\n    <div class=\"erm_section_desc\"><\/div>\n\n\t\n<\/div>\n\n<div class=\"erm_product no_image\">\n\n    \n    <div class=\"erm_title_price_desc\">\n\n        <div class=\"erm_title_price\">\n            <h3 class=\"erm_product_title\">MRE\u017dNA PE\u010cENKA , PRA\u017dEN KROMPIR, SOLATA<\/h3>\n            <div class=\"erm_product_price\">\n\t\t\t<div class=\"erm_product_list_prices\">\n\t\t\t\t\t\t\t<div class=\"erm_product_list_price\">\n\t\t\t\t\t<span class=\"price_name\">\u20ac<\/span>\n\t\t\t\t\t<span class=\"price_price\">7,50<\/span>\n\t\t\t\t<\/div>\n\t\t\t\t\t<\/div>\n\t\t\n<\/div>\n        <\/div>\n\n        <div class=\"erm_product_desc\">\n    <p><strong>OCVRT PURAN&nbsp; S KROMPIRJEM, SOLATA&nbsp;&nbsp;&nbsp;&nbsp;&nbsp;&nbsp;&nbsp;&nbsp;&nbsp;&nbsp;&nbsp;&nbsp;&nbsp;&nbsp;&nbsp;&nbsp;&nbsp;&nbsp;&nbsp;&nbsp;&nbsp;&nbsp;&nbsp;&nbsp;&nbsp;&nbsp;&nbsp; 7,50 &euro;<\/strong><\/p>\n<\/div>\n\n    <\/div>\n\n<\/div>\n\n\n<div class=\"erm_section\">\n\n\t\n    <h2 class=\"erm_section_title\">STALNA PONUDBA TEDNA<\/h2>\n    <div class=\"erm_section_desc\"><\/div>\n\n\t\n<\/div>\n\n<div class=\"erm_product no_image\">\n\n    \n    <div class=\"erm_title_price_desc\">\n\n        <div class=\"erm_title_price\">\n            <h3 class=\"erm_product_title\">PIZZA KLASI\u010cNA ALI MARGERITA<\/h3>\n            <div class=\"erm_product_price\">\n\t\t\t<div class=\"erm_product_list_prices\">\n\t\t\t\t\t\t\t<div class=\"erm_product_list_price\">\n\t\t\t\t\t<span class=\"price_name\">\u20ac<\/span>\n\t\t\t\t\t<span class=\"price_price\">7,50<\/span>\n\t\t\t\t<\/div>\n\t\t\t\t\t<\/div>\n\t\t\n<\/div>\n        <\/div>\n\n        <div class=\"erm_product_desc\">\n    <\/div>\n\n    <\/div>\n\n<\/div>\n\n\n\n<\/div>\n\n<div class=\"erm_footer_desc\"><\/div>\n\n<\/div>\n\n<p>\u00a0<\/p>\n\t<div class='apss-social-share apss-theme-6 clearfix '>\r\n\t\t\t\t\t\t\t\t\t<div class='apss-facebook apss-single-icon'>\r\n\t\t\t\t\t\t<a rel='nofollow'  title='Share on Facebook' target='_blank' href='https:\/\/www.facebook.com\/sharer\/sharer.php?u=http:\/\/prikumru.eu\/en_US\/erm_menu_item\/pizza-klasicna-ali-margerita\/'>\r\n\t\t\t\t\t\t\t<div class='apss-icon-block clearfix'>\r\n\t\t\t\t\t\t\t\t<i class='fab fa-facebook-f'><\/i>\r\n\t\t\t\t\t\t\t\t<span class='apss-social-text'>Share on Facebook<\/span>\r\n\t\t\t\t\t\t\t\t<span class='apss-share'>Share<\/span>\r\n\t\t\t\t\t\t\t<\/div>\r\n\t\t\t\t\t\t\t\t\t\t\t\t\t<\/a>\r\n\t\t\t\t\t<\/div>\r\n\t\t\t\t\t\t\t<\/div>\r\n\t\t\n<p>\u00a0<\/p>\n<p>\u00a0<\/p>\n","protected":false},"excerpt":{"rendered":"<p>\u00a0 \u00a0 \u00a0<\/p>\n","protected":false},"author":1,"featured_media":0,"parent":0,"menu_order":0,"comment_status":"closed","ping_status":"closed","template":"page-templates\/page-no-title.php","meta":[],"_links":{"self":[{"href":"http:\/\/prikumru.eu\/en_US\/wp-json\/wp\/v2\/pages\/816"}],"collection":[{"href":"http:\/\/prikumru.eu\/en_US\/wp-json\/wp\/v2\/pages"}],"about":[{"href":"http:\/\/prikumru.eu\/en_US\/wp-json\/wp\/v2\/types\/page"}],"author":[{"embeddable":true,"href":"http:\/\/prikumru.eu\/en_US\/wp-json\/wp\/v2\/users\/1"}],"replies":[{"embeddable":true,"href":"http:\/\/prikumru.eu\/en_US\/wp-json\/wp\/v2\/comments?post=816"}],"version-history":[{"count":10,"href":"http:\/\/prikumru.eu\/en_US\/wp-json\/wp\/v2\/pages\/816\/revisions"}],"predecessor-version":[{"id":1193,"href":"http:\/\/prikumru.eu\/en_US\/wp-json\/wp\/v2\/pages\/816\/revisions\/1193"}],"wp:attachment":[{"href":"http:\/\/prikumru.eu\/en_US\/wp-json\/wp\/v2\/media?parent=816"}],"curies":[{"name":"wp","href":"https:\/\/api.w.org\/{rel}","templated":true}]}}